{"id":248,"date":"2016-02-24T13:44:15","date_gmt":"2016-02-24T13:44:15","guid":{"rendered":"http:\/\/bridge7.qodeinteractive.com\/?page_id=248"},"modified":"2025-02-13T08:04:52","modified_gmt":"2025-02-13T08:04:52","slug":"home","status":"publish","type":"page","link":"https:\/\/alberdrummer.com\/","title":{"rendered":"Home"},"content":{"rendered":"<div class=\"wpb-content-wrapper\"><p>[vc_row css_animation=\u00bb\u00bb row_type=\u00bbrow\u00bb use_row_as_full_screen_section=\u00bbno\u00bb type=\u00bbgrid\u00bb angled_section=\u00bbno\u00bb text_align=\u00bbleft\u00bb background_image_as_pattern=\u00bbwithout_pattern\u00bb background_image=\u00bb373&#8243; z_index=\u00bb\u00bb][vc_column][qode_elements_holder number_of_columns=\u00bbone_column\u00bb][qode_elements_holder_item vertical_alignment=\u00bbmiddle\u00bb advanced_animations=\u00bbno\u00bb item_padding=\u00bb45% 0 15% 0&#8243; item_padding_1024_1280=\u00bb23% 0 15% 0&#8243; item_padding_768_1024=\u00bb33% 0 32% 0&#8243;][vc_column_text css=\u00bb\u00bb]<\/p>\n<h2>Alber Drummer<\/h2>\n<p>[\/vc_column_text][vc_separator type=\u00bbtransparent\u00bb up=\u00bb15&#8243; down=\u00bb0&#8243;][vc_column_text css=\u00bb\u00bb]<\/p>\n<h4><span style=\"color: #ffffff;\">\u00a1Bienvenidos a la p\u00e1gina oficial de Alber_Drummer!<\/span><\/h4>\n<h4><span style=\"color: #ffffff;\">Con una pasi\u00f3n desbordante por la m\u00fasica pop rock en espa\u00f1ol, lleva su energ\u00eda y creatividad a cada concierto.<\/span><\/h4>\n<p>[\/vc_column_text][vc_separator type=\u00bbtransparent\u00bb up=\u00bb45&#8243; down=\u00bb0&#8243;][\/qode_elements_holder_item][\/qode_elements_holder][\/vc_column][\/vc_row][vc_row css_animation=\u00bb\u00bb row_type=\u00bbrow\u00bb use_row_as_full_screen_section=\u00bbno\u00bb type=\u00bbgrid\u00bb angled_section=\u00bbno\u00bb text_align=\u00bbright\u00bb background_image_as_pattern=\u00bbwithout_pattern\u00bb background_image=\u00bb378&#8243; z_index=\u00bb\u00bb][vc_column][qode_elements_holder number_of_columns=\u00bbone_column\u00bb alignment_one_column=\u00bbright\u00bb][qode_elements_holder_item advanced_animations=\u00bbno\u00bb item_padding=\u00bb16% 0 44% 0&#8243; item_padding_1024_1280=\u00bb21% 0 20% 0&#8243; item_padding_768_1024=\u00bb50% 0 47% 0&#8243;][vc_column_text css=\u00bb\u00bb]<\/p>\n<h2 style=\"text-align: right;\">Mejores momentos<\/h2>\n<p>[\/vc_column_text][vc_separator type=\u00bbtransparent\u00bb up=\u00bb15&#8243; down=\u00bb0&#8243;][vc_column_text css=\u00bb\u00bb]<\/p>\n<h4 style=\"text-align: center;\"><span style=\"color: #ffffff;\">Como alumno de Manu Reyes ( Sober ), ha perfeccionado su arte, llevando la m\u00fasica a un nuevo nivel y ofreciendo un sonido fresco, vibrante y lleno de energ\u00eda<\/span><\/h4>\n<p>[\/vc_column_text][vc_separator type=\u00bbtransparent\u00bb up=\u00bb50&#8243; down=\u00bb0&#8243;][\/qode_elements_holder_item][\/qode_elements_holder][\/vc_column][\/vc_row][vc_row css_animation=\u00bb\u00bb row_type=\u00bbrow\u00bb use_row_as_full_screen_section=\u00bbno\u00bb type=\u00bbgrid\u00bb angled_section=\u00bbno\u00bb text_align=\u00bbleft\u00bb background_image_as_pattern=\u00bbwithout_pattern\u00bb background_image=\u00bb383&#8243; z_index=\u00bb\u00bb][vc_column][qode_elements_holder number_of_columns=\u00bbone_column\u00bb][qode_elements_holder_item advanced_animations=\u00bbno\u00bb item_padding=\u00bb12% 0 12% 0&#8243;][vc_column_text css=\u00bb\u00bb]<\/p>\n<h2 style=\"text-align: left;\">MI EQUIPO<\/h2>\n<p>[\/vc_column_text][vc_separator type=\u00bbtransparent\u00bb up=\u00bb15&#8243; down=\u00bb0&#8243;][vc_column_text css=\u00bb\u00bb]<\/p>\n<h4 class=\"fx-product-headline product-title__title\"><span style=\"color: #ffffff;\">Tama Imperialstar 22&#8243; 5pcs &#8211;\u00a0<span id=\"productTitle\" class=\"a-size-large product-title-word-break\">Zildjian 5A &#8211; Baquetas de ne\u00f3n, color verde<\/span><\/span><\/h4>\n<p>[\/vc_column_text][vc_separator type=\u00bbtransparent\u00bb up=\u00bb110&#8243; down=\u00bb0&#8243;][\/qode_elements_holder_item][\/qode_elements_holder][\/vc_column][\/vc_row][vc_row css_animation=\u00bb\u00bb row_type=\u00bbrow\u00bb use_row_as_full_screen_section=\u00bbno\u00bb type=\u00bbgrid\u00bb angled_section=\u00bbno\u00bb text_align=\u00bbright\u00bb background_image_as_pattern=\u00bbwithout_pattern\u00bb background_image=\u00bb385&#8243; z_index=\u00bb\u00bb][vc_column][qode_elements_holder number_of_columns=\u00bbone_column\u00bb][qode_elements_holder_item advanced_animations=\u00bbno\u00bb item_padding=\u00bb45% 0 15% 0&#8243; item_padding_1024_1280=\u00bb23% 0 15% 0&#8243; item_padding_768_1024=\u00bb50% 0 47% 0&#8243;][vc_column_text css=\u00bb\u00bb]<\/p>\n<h2>Alber is on Fire!!<\/h2>\n<p>[\/vc_column_text][vc_separator type=\u00bbtransparent\u00bb up=\u00bb15&#8243; down=\u00bb0&#8243;][vc_column_text css=\u00bb\u00bb]<\/p>\n<h4 style=\"text-align: right;\"><span style=\"color: #ffffff;\">Su estilo din\u00e1mico y su habilidad para conectar con el p\u00fablico hacen que cada actuaci\u00f3n sea inolvidable.<\/span><\/h4>\n<p>[\/vc_column_text][vc_separator type=\u00bbtransparent\u00bb up=\u00bb40&#8243; down=\u00bb0&#8243;][\/qode_elements_holder_item][\/qode_elements_holder][\/vc_column][\/vc_row][vc_row css_animation=\u00bb\u00bb row_type=\u00bbrow\u00bb use_row_as_full_screen_section=\u00bbyes\u00bb type=\u00bbgrid\u00bb angled_section=\u00bbno\u00bb text_align=\u00bbleft\u00bb background_image_as_pattern=\u00bbwithout_pattern\u00bb background_image=\u00bb103&#8243;][vc_column][qode_elements_holder number_of_columns=\u00bbone_column\u00bb][qode_elements_holder_item advanced_animations=\u00bbno\u00bb item_padding=\u00bb12% 0 9% 0&#8243; item_padding_768_1024=\u00bb30% 0 27% 0&#8243;][vc_column_text css=\u00bb\u00bb]<\/p>\n<h2>GALERIA<\/h2>\n<p>[\/vc_column_text][vc_empty_space height=\u00bb45px\u00bb][vc_column_text css=\u00bb\u00bb]<\/p>\n<h4 style=\"text-align: left;\"><span style=\"color: #ffffff;\">Descubre c\u00f3mo su dedicaci\u00f3n a la m\u00fasica eleva cada actuaci\u00f3n, creando momentos inolvidables en cada escenario. <\/span><\/h4>\n<h4 style=\"text-align: left;\"><span style=\"color: #ffffff;\">\u00a1D\u00e9jate llevar por su poderoso latido \u00a0y experimenta la magia de la m\u00fasica en cada golpe!<\/span><\/h4>\n<p>[\/vc_column_text][vc_separator type=\u00bbtransparent\u00bb up=\u00bb40&#8243; down=\u00bb0&#8243;][vc_row_inner row_type=\u00bbrow\u00bb type=\u00bbfull_width\u00bb text_align=\u00bbleft\u00bb css_animation=\u00bb\u00bb][vc_column_inner width=\u00bb1\/4&#8243;][vc_single_image image=\u00bb483&#8243; img_size=\u00bbfull\u00bb css=\u00bb\u00bb qode_css_animation=\u00bb\u00bb][vc_separator type=\u00bbtransparent\u00bb up=\u00bb40&#8243; down=\u00bb0&#8243;][\/vc_column_inner][vc_column_inner width=\u00bb1\/4&#8243;][vc_single_image image=\u00bb484&#8243; img_size=\u00bbfull\u00bb css=\u00bb\u00bb qode_css_animation=\u00bb\u00bb][vc_separator type=\u00bbtransparent\u00bb up=\u00bb40&#8243; down=\u00bb0&#8243;][\/vc_column_inner][vc_column_inner width=\u00bb1\/4&#8243;][vc_single_image image=\u00bb485&#8243; img_size=\u00bb413&#215;413&#8243; css=\u00bb\u00bb qode_css_animation=\u00bb\u00bb][vc_separator type=\u00bbtransparent\u00bb up=\u00bb40&#8243; down=\u00bb0&#8243;][\/vc_column_inner][vc_column_inner width=\u00bb1\/4&#8243;][vc_single_image image=\u00bb486&#8243; img_size=\u00bb413&#215;413&#8243; css=\u00bb\u00bb qode_css_animation=\u00bb\u00bb][vc_separator type=\u00bbtransparent\u00bb up=\u00bb40&#8243; down=\u00bb0&#8243;][\/vc_column_inner][\/vc_row_inner][\/qode_elements_holder_item][\/qode_elements_holder][\/vc_column][\/vc_row][vc_row css_animation=\u00bb\u00bb row_type=\u00bbrow\u00bb use_row_as_full_screen_section=\u00bbno\u00bb type=\u00bbgrid\u00bb angled_section=\u00bbno\u00bb text_align=\u00bbcenter\u00bb background_image_as_pattern=\u00bbwithout_pattern\u00bb row_negative_margin=\u00bbdisable_negative_margin\u00bb z_index=\u00bb\u00bb][vc_column width=\u00bb1\/3&#8243;][\/vc_column][vc_column width=\u00bb1\/3&#8243;][vc_empty_space][vc_column_text css=\u00bb\u00bb]<\/p>\n<h3 style=\"text-align: center;\"><span style=\"color: #ffffff;\">S\u00edgueme en Instagram<\/span><\/h3>\n<p>[\/vc_column_text]<span class='q_social_icon_holder circle_social' ><a itemprop='url' href='https:\/\/www.instagram.com\/alber_drummer\/' target='_self'><span class='fa-stack fa-3x' style=''><i class=\"qode_icon_font_awesome fa fa-instagram \" style=\"\" ><\/i><\/span><\/a><\/span>[vc_empty_space][\/vc_column][vc_column width=\u00bb1\/3&#8243;][\/vc_column][\/vc_row]<\/p>\n<\/div>","protected":false},"excerpt":{"rendered":"<p>[vc_row css_animation=\u00bb\u00bb row_type=\u00bbrow\u00bb use_row_as_full_screen_section=\u00bbno\u00bb type=\u00bbgrid\u00bb angled_section=\u00bbno\u00bb text_align=\u00bbleft\u00bb background_image_as_pattern=\u00bbwithout_pattern\u00bb background_image=\u00bb373&#8243; z_index=\u00bb\u00bb][vc_column][qode_elements_holder number_of_columns=\u00bbone_column\u00bb][qode_elements_holder_item vertical_alignment=\u00bbmiddle\u00bb advanced_animations=\u00bbno\u00bb item_padding=\u00bb45% 0 15% 0&#8243; item_padding_1024_1280=\u00bb23% 0 15% 0&#8243; item_padding_768_1024=\u00bb33% 0 32% 0&#8243;][vc_column_text css=\u00bb\u00bb] Alber Drummer [\/vc_column_text][vc_separator type=\u00bbtransparent\u00bb up=\u00bb15&#8243; down=\u00bb0&#8243;][vc_column_text css=\u00bb\u00bb] \u00a1Bienvenidos a la p\u00e1gina oficial de Alber_Drummer! Con una pasi\u00f3n desbordante por&#8230;<\/p>\n","protected":false},"author":1,"featured_media":0,"parent":0,"menu_order":0,"comment_status":"closed","ping_status":"closed","template":"full_width.php","meta":{"footnotes":""},"class_list":["post-248","page","type-page","status-publish","hentry"],"_links":{"self":[{"href":"https:\/\/alberdrummer.com\/index.php?rest_route=\/wp\/v2\/pages\/248","targetHints":{"allow":["GET"]}}],"collection":[{"href":"https:\/\/alberdrummer.com\/index.php?rest_route=\/wp\/v2\/pages"}],"about":[{"href":"https:\/\/alberdrummer.com\/index.php?rest_route=\/wp\/v2\/types\/page"}],"author":[{"embeddable":true,"href":"https:\/\/alberdrummer.com\/index.php?rest_route=\/wp\/v2\/users\/1"}],"replies":[{"embeddable":true,"href":"https:\/\/alberdrummer.com\/index.php?rest_route=%2Fwp%2Fv2%2Fcomments&post=248"}],"version-history":[{"count":34,"href":"https:\/\/alberdrummer.com\/index.php?rest_route=\/wp\/v2\/pages\/248\/revisions"}],"predecessor-version":[{"id":481,"href":"https:\/\/alberdrummer.com\/index.php?rest_route=\/wp\/v2\/pages\/248\/revisions\/481"}],"wp:attachment":[{"href":"https:\/\/alberdrummer.com\/index.php?rest_route=%2Fwp%2Fv2%2Fmedia&parent=248"}],"curies":[{"name":"wp","href":"https:\/\/api.w.org\/{rel}","templated":true}]}}